{"id":3213,"date":"2020-10-08T13:26:05","date_gmt":"2020-10-08T13:26:05","guid":{"rendered":"https:\/\/askarfistik.com\/manufacture\/"},"modified":"2020-10-08T13:26:06","modified_gmt":"2020-10-08T13:26:06","slug":"manufacture","status":"publish","type":"page","link":"https:\/\/askarfistik.com\/en\/manufacture\/","title":{"rendered":"Manufacture"},"content":{"rendered":"","protected":false},"excerpt":{"rendered":"","protected":false},"author":1,"featured_media":0,"parent":0,"menu_order":0,"comment_status":"closed","ping_status":"closed","template":"","meta":{"footnotes":""},"class_list":["post-3213","page","type-page","status-publish","hentry","prodpage-classic"],"yoast_head":"<!-- This site is optimized with the Yoast SEO plugin v24.6 - https:\/\/yoast.com\/wordpress\/plugins\/seo\/ -->\n<title>Manufacture - Askar F\u0131st\u0131k - Kavrulmu\u015f Tuzlu Antep F\u0131st\u0131\u011f\u0131<\/title>\n<meta name=\"robots\" content=\"index, follow, max-snippet:-1, max-image-preview:large, max-video-preview:-1\" \/>\n<link rel=\"canonical\" href=\"https:\/\/askarfistik.com\/en\/manufacture\/\" \/>\n<meta property=\"og:locale\" content=\"en_US\" \/>\n<meta property=\"og:type\" content=\"article\" \/>\n<meta property=\"og:title\" content=\"Manufacture - Askar F\u0131st\u0131k - Kavrulmu\u015f Tuzlu Antep F\u0131st\u0131\u011f\u0131\" \/>\n<meta property=\"og:url\" content=\"https:\/\/askarfistik.com\/en\/manufacture\/\" \/>\n<meta property=\"og:site_name\" content=\"Askar F\u0131st\u0131k - Kavrulmu\u015f Tuzlu Antep F\u0131st\u0131\u011f\u0131\" \/>\n<meta property=\"article:modified_time\" content=\"2020-10-08T13:26:06+00:00\" \/>\n<meta name=\"twitter:card\" content=\"summary_large_image\" \/>\n<script type=\"application\/ld+json\" class=\"yoast-schema-graph\">{\"@context\":\"https:\/\/schema.org\",\"@graph\":[{\"@type\":\"WebPage\",\"@id\":\"https:\/\/askarfistik.com\/en\/manufacture\/\",\"url\":\"https:\/\/askarfistik.com\/en\/manufacture\/\",\"name\":\"Manufacture - Askar F\u0131st\u0131k - Kavrulmu\u015f Tuzlu Antep F\u0131st\u0131\u011f\u0131\",\"isPartOf\":{\"@id\":\"https:\/\/askarfistik.com\/en\/#website\"},\"datePublished\":\"2020-10-08T13:26:05+00:00\",\"dateModified\":\"2020-10-08T13:26:06+00:00\",\"breadcrumb\":{\"@id\":\"https:\/\/askarfistik.com\/en\/manufacture\/#breadcrumb\"},\"inLanguage\":\"en-US\",\"potentialAction\":[{\"@type\":\"ReadAction\",\"target\":[\"https:\/\/askarfistik.com\/en\/manufacture\/\"]}]},{\"@type\":\"BreadcrumbList\",\"@id\":\"https:\/\/askarfistik.com\/en\/manufacture\/#breadcrumb\",\"itemListElement\":[{\"@type\":\"ListItem\",\"position\":1,\"name\":\"Anasayfa\",\"item\":\"https:\/\/askarfistik.com\/en\/\"},{\"@type\":\"ListItem\",\"position\":2,\"name\":\"Manufacture\"}]},{\"@type\":\"WebSite\",\"@id\":\"https:\/\/askarfistik.com\/en\/#website\",\"url\":\"https:\/\/askarfistik.com\/en\/\",\"name\":\"Askar F\u0131st\u0131k - Kavrulmu\u015f Tuzlu Antep F\u0131st\u0131\u011f\u0131\",\"description\":\"Antep F\u0131st\u0131\u011f\u0131, Siirt F\u0131st\u0131\u011f\u0131, Tuzlu F\u0131st\u0131k\",\"publisher\":{\"@id\":\"https:\/\/askarfistik.com\/en\/#organization\"},\"potentialAction\":[{\"@type\":\"SearchAction\",\"target\":{\"@type\":\"EntryPoint\",\"urlTemplate\":\"https:\/\/askarfistik.com\/en\/?s={search_term_string}\"},\"query-input\":{\"@type\":\"PropertyValueSpecification\",\"valueRequired\":true,\"valueName\":\"search_term_string\"}}],\"inLanguage\":\"en-US\"},{\"@type\":\"Organization\",\"@id\":\"https:\/\/askarfistik.com\/en\/#organization\",\"name\":\"Askar F\u0131st\u0131k\",\"url\":\"https:\/\/askarfistik.com\/en\/\",\"logo\":{\"@type\":\"ImageObject\",\"inLanguage\":\"en-US\",\"@id\":\"https:\/\/askarfistik.com\/en\/#\/schema\/logo\/image\/\",\"url\":\"https:\/\/askarfistik.com\/wp-content\/uploads\/2020\/08\/logo-small.png\",\"contentUrl\":\"https:\/\/askarfistik.com\/wp-content\/uploads\/2020\/08\/logo-small.png\",\"width\":244,\"height\":121,\"caption\":\"Askar F\u0131st\u0131k\"},\"image\":{\"@id\":\"https:\/\/askarfistik.com\/en\/#\/schema\/logo\/image\/\"}}]}<\/script>\n<!-- \/ Yoast SEO plugin. -->","yoast_head_json":{"title":"Manufacture - Askar F\u0131st\u0131k - Kavrulmu\u015f Tuzlu Antep F\u0131st\u0131\u011f\u0131","robots":{"index":"index","follow":"follow","max-snippet":"max-snippet:-1","max-image-preview":"max-image-preview:large","max-video-preview":"max-video-preview:-1"},"canonical":"https:\/\/askarfistik.com\/en\/manufacture\/","og_locale":"en_US","og_type":"article","og_title":"Manufacture - Askar F\u0131st\u0131k - Kavrulmu\u015f Tuzlu Antep F\u0131st\u0131\u011f\u0131","og_url":"https:\/\/askarfistik.com\/en\/manufacture\/","og_site_name":"Askar F\u0131st\u0131k - Kavrulmu\u015f Tuzlu Antep F\u0131st\u0131\u011f\u0131","article_modified_time":"2020-10-08T13:26:06+00:00","twitter_card":"summary_large_image","schema":{"@context":"https:\/\/schema.org","@graph":[{"@type":"WebPage","@id":"https:\/\/askarfistik.com\/en\/manufacture\/","url":"https:\/\/askarfistik.com\/en\/manufacture\/","name":"Manufacture - Askar F\u0131st\u0131k - Kavrulmu\u015f Tuzlu Antep F\u0131st\u0131\u011f\u0131","isPartOf":{"@id":"https:\/\/askarfistik.com\/en\/#website"},"datePublished":"2020-10-08T13:26:05+00:00","dateModified":"2020-10-08T13:26:06+00:00","breadcrumb":{"@id":"https:\/\/askarfistik.com\/en\/manufacture\/#breadcrumb"},"inLanguage":"en-US","potentialAction":[{"@type":"ReadAction","target":["https:\/\/askarfistik.com\/en\/manufacture\/"]}]},{"@type":"BreadcrumbList","@id":"https:\/\/askarfistik.com\/en\/manufacture\/#breadcrumb","itemListElement":[{"@type":"ListItem","position":1,"name":"Anasayfa","item":"https:\/\/askarfistik.com\/en\/"},{"@type":"ListItem","position":2,"name":"Manufacture"}]},{"@type":"WebSite","@id":"https:\/\/askarfistik.com\/en\/#website","url":"https:\/\/askarfistik.com\/en\/","name":"Askar F\u0131st\u0131k - Kavrulmu\u015f Tuzlu Antep F\u0131st\u0131\u011f\u0131","description":"Antep F\u0131st\u0131\u011f\u0131, Siirt F\u0131st\u0131\u011f\u0131, Tuzlu F\u0131st\u0131k","publisher":{"@id":"https:\/\/askarfistik.com\/en\/#organization"},"potentialAction":[{"@type":"SearchAction","target":{"@type":"EntryPoint","urlTemplate":"https:\/\/askarfistik.com\/en\/?s={search_term_string}"},"query-input":{"@type":"PropertyValueSpecification","valueRequired":true,"valueName":"search_term_string"}}],"inLanguage":"en-US"},{"@type":"Organization","@id":"https:\/\/askarfistik.com\/en\/#organization","name":"Askar F\u0131st\u0131k","url":"https:\/\/askarfistik.com\/en\/","logo":{"@type":"ImageObject","inLanguage":"en-US","@id":"https:\/\/askarfistik.com\/en\/#\/schema\/logo\/image\/","url":"https:\/\/askarfistik.com\/wp-content\/uploads\/2020\/08\/logo-small.png","contentUrl":"https:\/\/askarfistik.com\/wp-content\/uploads\/2020\/08\/logo-small.png","width":244,"height":121,"caption":"Askar F\u0131st\u0131k"},"image":{"@id":"https:\/\/askarfistik.com\/en\/#\/schema\/logo\/image\/"}}]}},"_links":{"self":[{"href":"https:\/\/askarfistik.com\/en\/wp-json\/wp\/v2\/pages\/3213","targetHints":{"allow":["GET"]}}],"collection":[{"href":"https:\/\/askarfistik.com\/en\/wp-json\/wp\/v2\/pages"}],"about":[{"href":"https:\/\/askarfistik.com\/en\/wp-json\/wp\/v2\/types\/page"}],"author":[{"embeddable":true,"href":"https:\/\/askarfistik.com\/en\/wp-json\/wp\/v2\/users\/1"}],"replies":[{"embeddable":true,"href":"https:\/\/askarfistik.com\/en\/wp-json\/wp\/v2\/comments?post=3213"}],"version-history":[{"count":1,"href":"https:\/\/askarfistik.com\/en\/wp-json\/wp\/v2\/pages\/3213\/revisions"}],"predecessor-version":[{"id":3214,"href":"https:\/\/askarfistik.com\/en\/wp-json\/wp\/v2\/pages\/3213\/revisions\/3214"}],"wp:attachment":[{"href":"https:\/\/askarfistik.com\/en\/wp-json\/wp\/v2\/media?parent=3213"}],"curies":[{"name":"wp","href":"https:\/\/api.w.org\/{rel}","templated":true}]}}